{"id":26,"date":"2020-03-21T13:43:56","date_gmt":"2020-03-21T13:43:56","guid":{"rendered":"https:\/\/beta.vse-bikes.de\/?page_id=26"},"modified":"2025-08-22T13:19:47","modified_gmt":"2025-08-22T13:19:47","slug":"startseite","status":"publish","type":"page","link":"https:\/\/vse-bikes.de\/","title":{"rendered":"Ihr Partner f\u00fcr Radsport &#8211;"},"content":{"rendered":"\n<h4 class=\"wp-block-heading\"><em>Gro\u00df genug f\u00fcr Ihre Tr\u00e4ume, <\/em><\/h4>\n\n\n\n<h4 class=\"wp-block-heading\"><em>klein genug f\u00fcr pers\u00f6nlichen Service !<\/em><\/h4>\n\n\n\n<ul class=\"wp-block-list\">\n<li><strong>Velo-Sport-Engelen &#8211; weil Service und Qualit\u00e4t stimmen!<\/strong><\/li>\n\n\n\n<li><strong>Ihr Fahrrad-Fachh\u00e4ndler in \u00dcbach-Palenberg!<\/strong><\/li>\n\n\n\n<li><strong>Reparatur und Service f\u00fcr alle Fahrradmarken!<\/strong><\/li>\n<\/ul>\n\n\n\n<p class=\"has-vivid-red-color has-text-color\"><strong><br>Telefonische Terminvereinbarung<br>unter 02451-908 99 11 oder per E-Mail.<\/strong><\/p>\n\n\n\n<p class=\"has-text-color has-link-color wp-elements-c6510d8838dec6e5d8abb560d7713673\" style=\"color:#d92727\"><\/p>\n\n\n\n<p><\/p>\n\n\n\n<p><\/p>\n\n\n\n<p><\/p>\n\n\n\n<p><\/p>\n","protected":false},"excerpt":{"rendered":"<p>Gro\u00df genug f\u00fcr Ihre Tr\u00e4ume, klein genug f\u00fcr pers\u00f6nlichen Service ! Telefonische Terminvereinbarungunter 02451-908 99 11 oder per E-Mail.<\/p>\n","protected":false},"author":1,"featured_media":0,"parent":0,"menu_order":0,"comment_status":"closed","ping_status":"closed","template":"","meta":{"footnotes":""},"class_list":["post-26","page","type-page","status-publish","hentry"],"_links":{"self":[{"href":"https:\/\/vse-bikes.de\/index.php\/wp-json\/wp\/v2\/pages\/26","targetHints":{"allow":["GET"]}}],"collection":[{"href":"https:\/\/vse-bikes.de\/index.php\/wp-json\/wp\/v2\/pages"}],"about":[{"href":"https:\/\/vse-bikes.de\/index.php\/wp-json\/wp\/v2\/types\/page"}],"author":[{"embeddable":true,"href":"https:\/\/vse-bikes.de\/index.php\/wp-json\/wp\/v2\/users\/1"}],"replies":[{"embeddable":true,"href":"https:\/\/vse-bikes.de\/index.php\/wp-json\/wp\/v2\/comments?post=26"}],"version-history":[{"count":45,"href":"https:\/\/vse-bikes.de\/index.php\/wp-json\/wp\/v2\/pages\/26\/revisions"}],"predecessor-version":[{"id":260,"href":"https:\/\/vse-bikes.de\/index.php\/wp-json\/wp\/v2\/pages\/26\/revisions\/260"}],"wp:attachment":[{"href":"https:\/\/vse-bikes.de\/index.php\/wp-json\/wp\/v2\/media?parent=26"}],"curies":[{"name":"wp","href":"https:\/\/api.w.org\/{rel}","templated":true}]}}